{"id":19836,"date":"2022-01-20T15:29:05","date_gmt":"2022-01-20T18:29:05","guid":{"rendered":"http:\/\/www.cr2.cl\/eng\/?page_id=19836"},"modified":"2022-01-20T15:35:06","modified_gmt":"2022-01-20T18:35:06","slug":"the-anthropocene-in-chile-evidence-and-ways-forward","status":"publish","type":"page","link":"https:\/\/www.cr2.cl\/eng\/the-anthropocene-in-chile-evidence-and-ways-forward\/","title":{"rendered":"The Anthropocene in Chile: evidence and ways forward"},"content":{"rendered":"<p>[vc_row full_width=&#8221;stretch_row_content&#8221; parallax=&#8221;content-moving&#8221; parallax_image=&#8221;19837&#8243;][vc_column][vc_empty_space][vc_custom_heading text=&#8221;REPORT TO THE NATIONS&#8221; font_container=&#8221;tag:h1|font_size:20|text_align:center|color:%23ffffff&#8221; google_fonts=&#8221;font_family:Source%20Sans%20Pro%3A200%2C200italic%2C300%2C300italic%2Cregular%2Citalic%2C600%2C600italic%2C700%2C700italic%2C900%2C900italic&#8221; css=&#8221;.vc_custom_1642702733145{margin-top: 50px !important;}&#8221;][vc_separator color=&#8221;white&#8221; border_width=&#8221;3&#8243; el_width=&#8221;10&#8243;][vc_custom_heading text=&#8221;The Anthropocene in Chile:&#8221; font_container=&#8221;tag:h1|font_size:50|text_align:center|color:%23ffffff&#8221; google_fonts=&#8221;font_family:Source%20Sans%20Pro%3A200%2C200italic%2C300%2C300italic%2Cregular%2Citalic%2C600%2C600italic%2C700%2C700italic%2C900%2C900italic&#8221;][vc_custom_heading text=&#8221;evidence and ways forward&#8221; font_container=&#8221;tag:h1|font_size:40|text_align:center|color:%23ffffff&#8221; google_fonts=&#8221;font_family:Source%20Sans%20Pro%3A200%2C200italic%2C300%2C300italic%2Cregular%2Citalic%2C600%2C600italic%2C700%2C700italic%2C900%2C900italic&#8221; css=&#8221;.vc_custom_1642702757426{margin-bottom: 50px !important;}&#8221;][vc_empty_space][\/vc_column][\/vc_row][vc_row][vc_column][vc_empty_space][\/vc_column][\/vc_row][vc_row gap=&#8221;35&#8243;][vc_column width=&#8221;1\/2&#8243;][vc_column_text]<\/p>\n<h3>The Anthropocene in Chile: evidence and ways forward<\/h3>\n<p style=\"text-align: justify;\">In the 21st century, Chile\u2019s development is at stake because of the threats posed by the Anthropocene. This epoch is characterized by human influence on the Earth System. However, if faced boldly, it off ers an opportunity for a sustainable development. Regardless of whether we have entered a new geological era, the Anthropocene questions our way of living on the solar system\u2019s blue planet. Or, in other words, the way to understand progress and development. In a country with high social inequalities, highly vulnerable to global change, meeting this challenge is of crucial importance and can offer new opportunities.<\/p>\n<p style=\"text-align: justify;\">At the Center for Climate and Resilience Research CR(2), we decided to use the framework of the Anthropocene to develop our integrative research efforts. Thus, we have studied some of the regional manifestations of this new era in Chile, in order to contribute to identifying paths towards a greater resilience.<\/p>\n<p>[\/vc_column_text][\/vc_column][vc_column width=&#8221;1\/2&#8243;][vc_row_inner gap=&#8221;20&#8243; css=&#8221;.vc_custom_1604578964753{margin-right: 5% !important;margin-left: 5% !important;}&#8221;][vc_column_inner width=&#8221;1\/2&#8243;][vc_single_image image=&#8221;19842&#8243; img_size=&#8221;full&#8221; alignment=&#8221;center&#8221;][vc_column_text css=&#8221;.vc_custom_1604579097686{margin-top: -15px !important;}&#8221;]<\/p>\n<p style=\"text-align: center;\"><strong>Anthropocene in Chile: <\/strong><br \/>\nevidence and ways forward<br \/>\n(<a href=\"https:\/\/www.cr2.cl\/wp-content\/uploads\/2019\/06\/Report-Anthropocene-english.pdf\">Download<\/a>)<\/p>\n<p>[\/vc_column_text][\/vc_column_inner][vc_column_inner width=&#8221;1\/2&#8243;][vc_single_image image=&#8221;19843&#8243; img_size=&#8221;full&#8221; alignment=&#8221;center&#8221;][vc_column_text css=&#8221;.vc_custom_1604579090190{margin-top: -15px !important;}&#8221;]<\/p>\n<p style=\"text-align: center;\"><strong>Antropoceno en Chile:<\/strong><br \/>\nevidencias y formas de avanzar<br \/>\n(<a href=\"https:\/\/www.cr2.cl\/wp-content\/uploads\/2019\/06\/Informe-Antropoceno-castellano.pdf\">Descargar<\/a>)<\/p>\n<p>[\/vc_column_text][\/vc_column_inner][\/vc_row_inner][vc_row_inner css=&#8221;.vc_custom_1606491349521{padding-left: 10px !important;}&#8221;][vc_column_inner][vc_column_text css=&#8221;.vc_custom_1642703774562{padding-left: 10px !important;}&#8221;]<strong>Citation:<br \/>\n<\/strong>Gallardo, L., Rudnick, A., Barraza, J., Fleming, Z., Rojas, M., Gay\u00f3, E.M., Aguirre, C., Far\u00edas, L., Boisier, J.P., Garreaud, R., Barr\u00eda, P., Miranda, A., Lara, A., G\u00f3mez-Gonz\u00e1lez,S., Arriagada, R.A.\u00a0(2019). <em>The Anthropocene in\u00a0Chile: evidence and ways forward.<\/em> Center for Climate and Resilience Research (CR)2, (ANID\/FONDAP\/15110009), 40 pp. Available in <a href=\"https:\/\/www.cr2.cl\/antropoceno\">https:\/\/www.cr2.cl\/antropoceno<\/a>[\/vc_column_text][\/vc_column_inner][\/vc_row_inner][\/vc_column][\/vc_row][vc_row][vc_column][vc_empty_space height=&#8221;12px&#8221;][vc_separator color=&#8221;peacoc&#8221;][\/vc_column][\/vc_row][vc_row][vc_column width=&#8221;1\/2&#8243;][vc_column_text]<\/p>\n<h3>Anthropocene report in Mapudungun and Rapa nui languages<\/h3>\n<p style=\"text-align: justify;\">In a country with great social inequalities and highly vulnerable to global change, facing the challenges imposed by the Anthropocene has a crucial importance and can offer new opportunities for sustainable development.<\/p>\n<p style=\"text-align: justify;\">Aware of the need to have the voices of everyone to face the Anthropocene, we present this report in, at least, the Mapudungun and Rapa Nui languages, in order to address the challenges of this new era from all knowledge and diversity of our territory.<\/p>\n<p>[\/vc_column_text][\/vc_column][vc_column width=&#8221;1\/2&#8243;][vc_row_inner gap=&#8221;20&#8243; css=&#8221;.vc_custom_1604578964753{margin-right: 5% !important;margin-left: 5% !important;}&#8221;][vc_column_inner width=&#8221;1\/2&#8243;][vc_single_image image=&#8221;19844&#8243; img_size=&#8221;full&#8221; alignment=&#8221;center&#8221;][vc_column_text css=&#8221;.vc_custom_1633017551125{margin-top: -15px !important;}&#8221;]<\/p>\n<p style=\"text-align: center;\"><strong>Anxopozeno Cile mew:<\/strong><br \/>\nTa i\u00f1 inazuamfiel ka cumgeci amulerpuael<br \/>\n(<a href=\"https:\/\/www.cr2.cl\/wp-content\/uploads\/2021\/09\/INFORME_MAPUDUNGUN.pdf\">Mapudungun<\/a>)<\/p>\n<p>[\/vc_column_text][\/vc_column_inner][vc_column_inner width=&#8221;1\/2&#8243;][vc_single_image image=&#8221;19845&#8243; img_size=&#8221;full&#8221; alignment=&#8221;center&#8221;][vc_column_text css=&#8221;.vc_custom_1633017568958{margin-top: -15px !important;}&#8221;]<\/p>\n<p style=\"text-align: center;\"><strong>He Antropoceno i a Tire: <\/strong><br \/>\nhe mata \ua78cite he haka p\u016bai<br \/>\n(<a href=\"https:\/\/www.cr2.cl\/wp-content\/uploads\/2021\/09\/INFORME_RAPANUI.pdf\">Rapa nui<\/a>)<\/p>\n<p>[\/vc_column_text][\/vc_column_inner][\/vc_row_inner][\/vc_column][\/vc_row]<\/p>\n","protected":false},"excerpt":{"rendered":"<p>[vc_row full_width=&#8221;stretch_row_content&#8221; parallax=&#8221;content-moving&#8221; parallax_image=&#8221;19837&#8243;][vc_column][vc_empty_space][vc_custom_heading text=&#8221;REPORT TO THE NATIONS&#8221; font_container=&#8221;tag:h1|font_size:20|text_align:center|color:%23ffffff&#8221; google_fonts=&#8221;font_family:Source%20Sans%20Pro%3A200%2C200italic%2C300%2C300italic%2Cregular%2Citalic%2C600%2C600italic%2C700%2C700italic%2C900%2C900italic&#8221; css=&#8221;.vc_custom_1642702733145{margin-top: 50px !important;}&#8221;][vc_separator color=&#8221;white&#8221; border_width=&#8221;3&#8243; el_width=&#8221;10&#8243;][vc_custom_heading text=&#8221;The Anthropocene in Chile:&#8221; font_container=&#8221;tag:h1|font_size:50|text_align:center|color:%23ffffff&#8221; google_fonts=&#8221;font_family:Source%20Sans%20Pro%3A200%2C200italic%2C300%2C300italic%2Cregular%2Citalic%2C600%2C600italic%2C700%2C700italic%2C900%2C900italic&#8221;][vc_custom_heading text=&#8221;evidence and ways forward&#8221; font_container=&#8221;tag:h1|font_size:40|text_align:center|color:%23ffffff&#8221; google_fonts=&#8221;font_family:Source%20Sans%20Pro%3A200%2C200italic%2C300%2C300italic%2Cregular%2Citalic%2C600%2C600italic%2C700%2C700italic%2C900%2C900italic&#8221; css=&#8221;.vc_custom_1642702757426{margin-bottom: 50px !important;}&#8221;][vc_empty_space][\/vc_column][\/vc_row][vc_row][vc_column][vc_empty_space][\/vc_column][\/vc_row][vc_row gap=&#8221;35&#8243;][vc_column width=&#8221;1\/2&#8243;][vc_column_text] The Anthropocene in Chile: evidence and ways forward In the 21st century, Chile\u2019s development is at stake because of the threats posed [&hellip;]<\/p>\n","protected":false},"author":3,"featured_media":0,"parent":0,"menu_order":0,"comment_status":"closed","ping_status":"closed","template":"","meta":{"footnotes":""},"_links":{"self":[{"href":"https:\/\/www.cr2.cl\/eng\/wp-json\/wp\/v2\/pages\/19836"}],"collection":[{"href":"https:\/\/www.cr2.cl\/eng\/wp-json\/wp\/v2\/pages"}],"about":[{"href":"https:\/\/www.cr2.cl\/eng\/wp-json\/wp\/v2\/types\/page"}],"author":[{"embeddable":true,"href":"https:\/\/www.cr2.cl\/eng\/wp-json\/wp\/v2\/users\/3"}],"replies":[{"embeddable":true,"href":"https:\/\/www.cr2.cl\/eng\/wp-json\/wp\/v2\/comments?post=19836"}],"version-history":[{"count":6,"href":"https:\/\/www.cr2.cl\/eng\/wp-json\/wp\/v2\/pages\/19836\/revisions"}],"predecessor-version":[{"id":19847,"href":"https:\/\/www.cr2.cl\/eng\/wp-json\/wp\/v2\/pages\/19836\/revisions\/19847"}],"wp:attachment":[{"href":"https:\/\/www.cr2.cl\/eng\/wp-json\/wp\/v2\/media?parent=19836"}],"curies":[{"name":"wp","href":"https:\/\/api.w.org\/{rel}","templated":true}]}}