{"id":20691,"date":"2024-11-04T10:07:54","date_gmt":"2024-11-04T13:07:54","guid":{"rendered":"https:\/\/www.cr2.cl\/eng\/?page_id=20691"},"modified":"2024-11-04T10:54:30","modified_gmt":"2024-11-04T13:54:30","slug":"training-initiatives","status":"publish","type":"page","link":"https:\/\/www.cr2.cl\/eng\/training-initiatives\/","title":{"rendered":"Training Initiatives"},"content":{"rendered":"<p>[vc_row full_width=&#8221;stretch_row&#8221; content_placement=&#8221;bottom&#8221; parallax=&#8221;content-moving&#8221; parallax_image=&#8221;20694&#8243; source=&#8221;&#8221; text=&#8221;Atlas Sudamericano de Sequ\u00edas a partir del a\u00f1o 1400 \/ South American Drought Atlas (SADA)&#8221; font_container=&#8221;tag:h1|font_size:60|text_align:center|color:%23ffffff|line_height:1&#8243; use_theme_fonts=&#8221;&#8221; google_fonts=&#8221;font_family:Abel%3Aregular|font_style:400%20regular%3A400%3Anormal&#8221; link=&#8221;&#8221;][vc_column][vc_empty_space][vc_custom_heading text=&#8221;CR2 Training Initiatives&#8221; font_container=&#8221;tag:h1|font_size:50|text_align:center|color:%23ffffff|line_height:1&#8243; google_fonts=&#8221;font_family:Abel%3Aregular|font_style:400%20regular%3A400%3Anormal&#8221;][vc_empty_space][\/vc_column][\/vc_row][vc_row][vc_column][vc_empty_space height=&#8221;40px&#8221;][\/vc_column][\/vc_row][vc_row][vc_column][vc_row_inner][vc_column_inner width=&#8221;1\/2&#8243;][vc_column_text]The CR2&#8217;s objectives include the development of advanced human capital. To this end, various courses and workshops have been designed for undergraduate and graduate students, professionals, academics, public service members, and the community.[\/vc_column_text][\/vc_column_inner][vc_column_inner width=&#8221;1\/2&#8243;][vc_column_text]These initiatives are supported by an interdisciplinary academic body comprising professionals and researchers from the center and other institutions, aiming to provide up-to-date information on climate change-related topics.[\/vc_column_text][\/vc_column_inner][\/vc_row_inner][\/vc_column][\/vc_row][vc_row full_width=&#8221;stretch_row&#8221; gap=&#8221;35&#8243; equal_height=&#8221;yes&#8221;][vc_column][vc_custom_heading text=&#8221;Undergraduate Education&#8221; font_container=&#8221;tag:h2|font_size:30|text_align:left|color:%238224e3&#8243; google_fonts=&#8221;font_family:Abel%3Aregular|font_style:400%20regular%3A400%3Anormal&#8221;][vc_separator color=&#8221;violet&#8221; style=&#8221;dotted&#8221; border_width=&#8221;2&#8243;][\/vc_column][\/vc_row][vc_row full_width=&#8221;stretch_row&#8221; gap=&#8221;5&#8243; equal_height=&#8221;yes&#8221; css=&#8221;.vc_custom_1730726323331{margin-top: -25px !important;}&#8221;][vc_column width=&#8221;1\/3&#8243; css=&#8221;.vc_custom_1723574489559{padding-top: 20px !important;padding-right: 20px !important;padding-bottom: 20px !important;padding-left: 20px !important;background-color: rgba(204,180,237,0.14) !important;*background-color: rgb(204,180,237) !important;}&#8221;][vc_single_image image=&#8221;20695&#8243; img_size=&#8221;full&#8221;][vc_column_text]<\/p>\n<h4 style=\"text-align: left;\"><span style=\"color: #000000;\">General Education Course (CFG): <strong>Climate Change and Sustainability<\/strong><\/span><\/h4>\n<h6><span style=\"color: #000000;\"><strong>Principal Investigators: <\/strong>Eugenia Gay\u00f3, Mart\u00edn Jacques and Pamela Smith<br \/>\n<strong>Coordination:<\/strong> Macarena Salinas and Tamara Oyarz\u00fan<br \/>\n<strong>Implementation Period:<\/strong> First semester from 2020 to present<br \/>\n<strong>Responsible Institution:<\/strong> CR2, Universidad de Chile<br \/>\n<strong>Collaborator:<\/strong> Universidad de Concepci\u00f3n (from 2024)<\/span><\/h6>\n<p>[\/vc_column_text][vc_toggle title=&#8221;More information&#8221; css=&#8221;.vc_custom_1730726560259{margin-top: -20px !important;margin-bottom: 20px !important;}&#8221;]The course aims to provide students with general knowledge about climate change and sustainability through an interdisciplinary approach, enabling understanding of climate change problems and impacts on the environment and society.<\/p>\n<p><strong><a href=\"https:\/\/uchile.cl\/presentacion\/asuntos-academicos\/pregrado\/departamento-de-pregrado\/programas-para-estudiantes\/cursos-de-formacion-general\">Course link available here.<\/a><\/strong><\/p>\n<h6><\/h6>\n<p>[\/vc_toggle][\/vc_column][vc_column width=&#8221;1\/3&#8243; css=&#8221;.vc_custom_1723574534043{padding-top: 20px !important;padding-right: 20px !important;padding-bottom: 20px !important;padding-left: 20px !important;background-color: rgba(204,180,237,0.14) !important;*background-color: rgb(204,180,237) !important;}&#8221;][vc_single_image image=&#8221;20695&#8243; img_size=&#8221;full&#8221;][vc_column_text]<\/p>\n<h4 style=\"text-align: left;\">General Education Course (CFG): <strong>Climate Change from a Gender Perspective: An Opportunity for Transformation<\/strong><\/h4>\n<h6><span style=\"color: #000000;\"><strong>Principal Investigator: <\/strong>Mar\u00eda Christina Fragkou<br \/>\n<strong>Coordination:<\/strong> Macarena Salinas<br \/>\n<strong>Implementation Period:<\/strong> Second semester from 2024<\/span><br \/>\n<span style=\"color: #000000;\"><strong>Responsible Institution: <\/strong>CR2, Universidad de Chile<br \/>\n<strong>Collaborator: <\/strong>Nucleus of Transdisciplinary Systemic Studies (NEST-r3)<\/span><\/h6>\n<p>[\/vc_column_text][vc_toggle title=&#8221;More information&#8221; css=&#8221;.vc_custom_1730726834677{margin-top: -20px !important;margin-bottom: 20px !important;}&#8221;]The course aims to provide basic knowledge about the current situation and challenges of climate change. It delves into gender theories to recognize differentiated consequences in a climate change context and the importance of an integrated and inclusive approach, emphasizing local and ancestral knowledge in developing territorial adaptation measures.<\/p>\n<p><strong><a href=\"https:\/\/uchile.cl\/presentacion\/asuntos-academicos\/pregrado\/departamento-de-pregrado\/programas-para-estudiantes\/cursos-de-formacion-general\">Course link available here.<\/a><\/strong>[\/vc_toggle][\/vc_column][vc_column width=&#8221;1\/3&#8243; css=&#8221;.vc_custom_1723574560101{padding-top: 20px !important;padding-right: 20px !important;padding-bottom: 20px !important;padding-left: 20px !important;background-color: rgba(204,180,237,0.14) !important;*background-color: rgb(204,180,237) !important;}&#8221;][vc_single_image image=&#8221;20695&#8243; img_size=&#8221;full&#8221;][vc_column_text]<\/p>\n<h4 style=\"text-align: left;\">General Education Course (CFG): <strong>Energy Poverty in Chile: Approaches and Perspectives<\/strong><\/h4>\n<h6><span style=\"color: #000000;\"><strong>Principal Investigator: <\/strong>Pamela Smith<br \/>\n<strong>Coordination: <\/strong>Tamara Oyarz\u00fan<br \/>\n<strong>Implementation Period:<\/strong> Second semester from 2020 to present<br \/>\n<strong>Responsible Institutions:\u00a0<\/strong>Nucleus of Transdisciplinary Systemic Studies (NEST-r3), Universidad de Chile and Energy Poverty Network (RedPE)<\/span><br \/>\n<span style=\"color: #000000;\"><strong>Collaborator: <\/strong>CR2<\/span><\/h6>\n<p>[\/vc_column_text][vc_toggle title=&#8221;More information&#8221; css=&#8221;.vc_custom_1730727032404{margin-top: -20px !important;margin-bottom: 20px !important;}&#8221;]The course aims to generate transdisciplinary discussion on the concept of energy poverty (EP), its new approaches and perspectives. The scope and meaning of EP promote a teaching-learning process that considers students&#8217; personal experiences, prior disciplinary knowledge, and the latest disciplinary developments in social, human, physical, and natural sciences.<\/p>\n<h6><strong><a href=\"https:\/\/uchile.cl\/presentacion\/asuntos-academicos\/pregrado\/departamento-de-pregrado\/programas-para-estudiantes\/cursos-de-formacion-general\">Course link available here.<\/a><\/strong><\/h6>\n<h6><\/h6>\n<p>[\/vc_toggle][\/vc_column][\/vc_row][vc_row full_width=&#8221;stretch_row&#8221; gap=&#8221;35&#8243; equal_height=&#8221;yes&#8221;][vc_column][vc_empty_space height=&#8221;20&#8243;][vc_custom_heading text=&#8221;Open Courses&#8221; font_container=&#8221;tag:h2|font_size:30|text_align:left|color:%2310c100&#8243; google_fonts=&#8221;font_family:Abel%3Aregular|font_style:400%20regular%3A400%3Anormal&#8221;][vc_separator color=&#8221;green&#8221; style=&#8221;dotted&#8221; border_width=&#8221;2&#8243;][\/vc_column][\/vc_row][vc_row full_width=&#8221;stretch_row&#8221; gap=&#8221;5&#8243; equal_height=&#8221;yes&#8221; css=&#8221;.vc_custom_1730727090210{margin-top: -25px !important;}&#8221;][vc_column width=&#8221;1\/3&#8243; css=&#8221;.vc_custom_1723575270657{padding-top: 20px !important;padding-right: 20px !important;padding-bottom: 20px !important;padding-left: 20px !important;background-color: rgba(178,234,204,0.14) !important;*background-color: rgb(178,234,204) !important;}&#8221;][vc_single_image image=&#8221;20697&#8243; img_size=&#8221;full&#8221;][vc_column_text]<\/p>\n<h4 style=\"text-align: left;\">UAbierta Course: Climate Change<\/h4>\n<h6><span style=\"color: #000000;\"><strong>Principal Investigator:<\/strong> Anah\u00ed Urquiza<\/span><br \/>\n<span style=\"color: #000000;\"><strong>Coordination:<\/strong> Jos\u00e9 Barraza<\/span><br \/>\n<span style=\"color: #000000;\"><strong>Implementation Period:<\/strong> Year-round<\/span><br \/>\n<span style=\"color: #000000;\"><strong>Responsible Institution:<\/strong> CR2, Universidad de Chile<\/span><\/h6>\n<p>[\/vc_column_text][vc_toggle title=&#8221;More information&#8221; css=&#8221;.vc_custom_1730727250088{margin-top: -20px !important;margin-bottom: 20px !important;}&#8221;]The course aims to foster understanding of climate change, its causes and consequences, and explore how society can adapt to and mitigate its effects. Open to the public without prerequisites, it targets those interested in environmental issues and addressing climate change challenges.<\/p>\n<p><strong><a href=\"https:\/\/uabierta.uchile.cl\/portal\/\">Course link available here.<\/a><\/strong>[\/vc_toggle][\/vc_column][vc_column width=&#8221;1\/3&#8243; css=&#8221;.vc_custom_1724341696133{padding-top: 20px !important;padding-right: 20px !important;padding-bottom: 20px !important;padding-left: 20px !important;background-color: rgba(178,234,204,0.14) !important;*background-color: rgb(178,234,204) !important;}&#8221; offset=&#8221;vc_hidden-lg vc_hidden-md vc_hidden-sm vc_hidden-xs&#8221;][vc_single_image image=&#8221;45712&#8243; img_size=&#8221;full&#8221;][vc_column_text]<\/p>\n<h4 style=\"text-align: left;\">MOOC Cambio Clim\u00e1tico: <strong>Una Mirada Interdisciplinar desde el Sur Global<\/strong><\/h4>\n<h6><span style=\"color: #000000;\"><strong>Investigadores\/as responsables:<\/strong> Anah\u00ed Urquiza y Eugenia Gay\u00f3<br \/>\n<strong>Coordinaci\u00f3n:<\/strong> Jos\u00e9 Barraza<br \/>\n<\/span><span style=\"color: #000000;\"><strong>A\u00f1o de ejecuci\u00f3n:<\/strong> Curso por abrirse (2024)<br \/>\n<strong>Instituci\u00f3n responsable:<\/strong> CR2, Universidad de Chile<br \/>\n<\/span><\/h6>\n<p>[\/vc_column_text][vc_toggle title=&#8221;M\u00e1s informaci\u00f3n&#8221; css=&#8221;.vc_custom_1723575818545{margin-top: -20px !important;margin-bottom: 20px !important;}&#8221;]<\/p>\n<h6><span style=\"color: #000000;\">Este curso entrega herramientas conceptuales y metodol\u00f3gicas para comprender las bases cient\u00edficas de las transformaciones humanas sobre el Sistema Clim\u00e1tico y relevar, desde una perspectiva interdisciplinaria, las particularidades y retos que enfrenta el Sur Global en cuanto al cambio clim\u00e1tico y al desarrollo sostenible.<\/span><\/h6>\n<h6><strong><span style=\"color: #000080;\"><a style=\"color: #000080;\" href=\"https:\/\/open.uchile.cl\/courses\/course-v1:openuchile+M002+dic.2021\/about\" target=\"_blank\" rel=\"noopener\">Revisa el link del curso aqu\u00ed.<\/a><\/span><\/strong><\/h6>\n<p>[\/vc_toggle][\/vc_column][vc_column width=&#8221;1\/3&#8243; css=&#8221;.vc_custom_1723575973765{padding-top: 20px !important;padding-right: 20px !important;padding-bottom: 20px !important;padding-left: 20px !important;}&#8221;][\/vc_column][\/vc_row][vc_row full_width=&#8221;stretch_row&#8221; gap=&#8221;35&#8243; equal_height=&#8221;yes&#8221;][vc_column][vc_empty_space height=&#8221;20&#8243;][vc_custom_heading text=&#8221;Training Programs&#8221; font_container=&#8221;tag:h2|font_size:30|text_align:left|color:%231e73be&#8221; google_fonts=&#8221;font_family:Abel%3Aregular|font_style:400%20regular%3A400%3Anormal&#8221;][vc_separator color=&#8221;sky&#8221; style=&#8221;dotted&#8221; border_width=&#8221;2&#8243;][\/vc_column][\/vc_row][vc_row full_width=&#8221;stretch_row&#8221; gap=&#8221;5&#8243; equal_height=&#8221;yes&#8221; css=&#8221;.vc_custom_1730727288788{margin-top: -25px !important;}&#8221;][vc_column width=&#8221;1\/3&#8243; css=&#8221;.vc_custom_1723670663437{padding-top: 20px !important;padding-right: 20px !important;padding-bottom: 20px !important;padding-left: 20px !important;background-color: rgba(70,159,191,0.09) !important;*background-color: rgb(70,159,191) !important;}&#8221;][vc_single_image image=&#8221;20699&#8243; img_size=&#8221;full&#8221;][vc_column_text]<\/p>\n<h4 style=\"text-align: left;\">Regional and Local Capacity Building Project for Climate Change Framework Law Implementation<\/h4>\n<h6><span style=\"color: #000000;\"><strong>Principal Investigator:<\/strong> Pilar Moraga<\/span><br \/>\n<span style=\"color: #000000;\"><strong>Coordination:<\/strong> Javiera Tapia and Ana Mar\u00eda Ugarte<\/span><br \/>\n<span style=\"color: #000000;\"><strong>Implementation Year:<\/strong> 2024<\/span><br \/>\n<span style=\"color: #000000;\"><strong>Responsible Institutions:<\/strong> Environmental Law Center CDA and CR2, Universidad de Chile<\/span><br \/>\n<span style=\"color: #000000;\"><strong>Partner:<\/strong> Food and Agriculture Organization of the United Nations, FAO<\/span><\/h6>\n<p>[\/vc_column_text][vc_toggle title=&#8221;More information&#8221; css=&#8221;.vc_custom_1730728245858{margin-top: -20px !important;margin-bottom: 20px !important;}&#8221;]The program develops and implements comprehensive training to advance carbon neutrality and increase resilience to climate change effects. It strengthens technical and administrative capacities of key executing entities and subnational stakeholders, integrating gender and intercultural approaches. Primary beneficiaries include regional institutions, SEREMI, municipalities, private sector, NGOs, academia, and local rural communities.[\/vc_toggle][\/vc_column][vc_column width=&#8221;1\/3&#8243; css=&#8221;.vc_custom_1723670671418{padding-top: 20px !important;padding-right: 20px !important;padding-bottom: 20px !important;padding-left: 20px !important;background-color: rgba(70,159,191,0.09) !important;*background-color: rgb(70,159,191) !important;}&#8221;][vc_single_image image=&#8221;20700&#8243; img_size=&#8221;full&#8221;][vc_column_text]<\/p>\n<h4 style=\"text-align: left;\">Training Course for Women Directors of Water User Organizations with Gender Perspective<\/h4>\n<h6><span style=\"color: #000000;\"><strong>Principal Investigator:<\/strong> Anahi Urquiza<\/span><br \/>\n<span style=\"color: #000000;\"><strong>Coordination:<\/strong> Macarena Salinas<\/span><br \/>\n<span style=\"color: #000000;\"><strong>Implementation Period:<\/strong> 2023-2024<\/span><br \/>\n<span style=\"color: #000000;\"><strong>Responsible Institutions:<\/strong> CR2 and Territorial Analysis Laboratory (LAT), Universidad de Chile<\/span><br \/>\n<span style=\"color: #000000;\"><strong>Partner:<\/strong> General Water Directorate, Ministry of Public Works<\/span><\/h6>\n<p>[\/vc_column_text][vc_toggle title=&#8221;More information&#8221; css=&#8221;.vc_custom_1730728251965{margin-top: -20px !important;margin-bottom: 20px !important;}&#8221;]The General Water Directorate (DGA), through its Department of User Organizations (DOU), and the University of Chile, developed an agreement titled &#8220;Support Program for Water User Organizations (WUO).&#8221; This was conducted in collaboration with the Faculty of Agricultural Sciences of the same institution, through the Territorial Analysis Laboratory.<br \/>\nWithin the framework of this agreement, several lines of work were implemented. One of these was L1, &#8220;Training Course for Women Directors of User Organizations with a Gender Perspective,&#8221; which aims to provide theoretical and methodological tools in water governance, gender perspective, and organizational functioning, taking into account the challenges of women&#8217;s participation in board decision-making processes.[\/vc_toggle][\/vc_column][vc_column width=&#8221;1\/3&#8243; css=&#8221;.vc_custom_1723670645349{padding-top: 20px !important;padding-right: 20px !important;padding-bottom: 20px !important;padding-left: 20px !important;background-color: rgba(70,159,191,0.09) !important;*background-color: rgb(70,159,191) !important;}&#8221;][vc_single_image image=&#8221;20701&#8243; img_size=&#8221;full&#8221;][vc_column_text]<\/p>\n<h4 style=\"text-align: left;\">Housing and Cities in the Context of Climate Change<\/h4>\n<h6><span style=\"color: #000000;\"><strong>Principal Investigator:<\/strong> Pamela Smith<\/span><br \/>\n<span style=\"color: #000000;\"><strong>Coordination:<\/strong> Macarena Salinas<\/span><br \/>\n<span style=\"color: #000000;\"><strong>Implementation Year:<\/strong> 2023<\/span><br \/>\n<span style=\"color: #000000;\"><strong>Responsible Institution:<\/strong> CR2, Universidad de Chile<\/span><br \/>\n<span style=\"color: #000000;\"><strong>Partner:<\/strong> D\u00e9ficit Cero<\/span><\/h6>\n<p>[\/vc_column_text][vc_toggle title=&#8221;More information&#8221; css=&#8221;.vc_custom_1730728256901{margin-top: -20px !important;margin-bottom: 20px !important;}&#8221;]The course aimed to provide social leaders with an understanding of housing, urban, and resident challenges in the context of climate change. It included analysis of urban and housing planning instruments, as well as climate change impacts on health. Through case studies and workshops, participants developed capabilities to implement practices at both individual and community levels to address these challenges.<\/p>\n<p><strong><a href=\"https:\/\/deficitcero.cl\/\">Additional information available.<\/a><\/strong><\/p>\n<h6><\/h6>\n<p>[\/vc_toggle][\/vc_column][\/vc_row][vc_row][vc_column][vc_empty_space height=&#8221;20px&#8221;][\/vc_column][\/vc_row][vc_row full_width=&#8221;stretch_row&#8221; gap=&#8221;5&#8243; equal_height=&#8221;yes&#8221; css=&#8221;.vc_custom_1723564381846{margin-top: -5px !important;}&#8221;][vc_column width=&#8221;1\/3&#8243; css=&#8221;.vc_custom_1723670663437{padding-top: 20px !important;padding-right: 20px !important;padding-bottom: 20px !important;padding-left: 20px !important;background-color: rgba(70,159,191,0.09) !important;*background-color: rgb(70,159,191) !important;}&#8221;][vc_single_image image=&#8221;20703&#8243; img_size=&#8221;full&#8221;][vc_column_text]<\/p>\n<h4 style=\"text-align: left;\">Development and Implementation of Institutional Strengthening and Capacity Building Program at the Subnational Level for the 2050 Climate-Resilient and Low-Emission Development Strategy<\/h4>\n<h6><span style=\"color: #000000;\"><strong>Principal Investigator:<\/strong> Pilar Moraga<br \/>\n<strong>Coordination:<\/strong> Benjam\u00edn Gonz\u00e1lez<br \/>\n<strong>Implementation Year:<\/strong> 2021<br \/>\n<strong>Responsible Institution:<\/strong> CR2, Universidad de Chile<br \/>\n<strong>Partner:<\/strong> Deutsche Gesellschaft f\u00fcr Internationale Zusammenarbeit GmbH. GIZ Office in Chile<strong><br \/>\n<\/strong><\/span><\/h6>\n<p>[\/vc_column_text][vc_toggle title=&#8221;More information&#8221; css=&#8221;.vc_custom_1730728351888{margin-top: -20px !important;margin-bottom: 20px !important;}&#8221;]The project aimed to strengthen the capacities of Regional Climate Change Committees (CORECC) in climate change management and reflect on regional government challenges in climate public policy towards 2050.<\/p>\n<p><strong><a href=\"https:\/\/cambioclimatico.mma.gob.cl\/wp-content\/uploads\/2022\/05\/Policy-brief_CORECC-Chile.pdf\">Document available<\/a><\/strong>[\/vc_toggle][\/vc_column][vc_column width=&#8221;1\/3&#8243; css=&#8221;.vc_custom_1723670671418{padding-top: 20px !important;padding-right: 20px !important;padding-bottom: 20px !important;padding-left: 20px !important;background-color: rgba(70,159,191,0.09) !important;*background-color: rgb(70,159,191) !important;}&#8221;][vc_single_image image=&#8221;20704&#8243; img_size=&#8221;full&#8221;][vc_column_text]<\/p>\n<h4 style=\"text-align: left;\">Diploma in Climate Action and Municipal Management<\/h4>\n<h6><span style=\"color: #000000;\"><strong>Principal Investigator:<\/strong> B\u00e1rbara Morales<\/span><br \/>\n<span style=\"color: #000000;\"><strong>Implementation Year:<\/strong> 2021<\/span><br \/>\n<span style=\"color: #000000;\"><strong>Responsible Institutions:<\/strong> CR2 and Territorial Analysis Laboratory (LAT), Universidad de Chile<\/span><br \/>\n<span style=\"color: #000000;\"><strong>Partner:<\/strong> United Nations Development Programme (UNDP)<\/span><\/h6>\n<p>[\/vc_column_text][vc_toggle title=&#8221;More information&#8221; css=&#8221;.vc_custom_1730728528798{margin-top: -20px !important;margin-bottom: 20px !important;}&#8221;]This diploma program was taught by CR2 researchers and completed by more than 80 municipal officials from across the country, who acquired various tools to integrate climate change considerations into municipal management.<\/p>\n<p><strong><a href=\"https:\/\/www.cr2.cl\/cr2-y-pnud-capacitaron-a-funcionarios-y-funcionarias-municipales-sobre-accion-climatica\/\">Additional information available.<\/a><\/strong>[\/vc_toggle][\/vc_column][vc_column width=&#8221;1\/3&#8243; css=&#8221;.vc_custom_1724341774106{padding-top: 20px !important;padding-right: 20px !important;padding-bottom: 20px !important;padding-left: 20px !important;background-color: rgba(70,159,191,0.09) !important;*background-color: rgb(70,159,191) !important;}&#8221; offset=&#8221;vc_hidden-lg vc_hidden-md vc_hidden-sm vc_hidden-xs&#8221;][vc_single_image image=&#8221;45737&#8243; img_size=&#8221;full&#8221;][vc_column_text]<\/p>\n<h4 style=\"text-align: left;\">Desaf\u00edos del Cambio Clim\u00e1tico y la aplicaci\u00f3n de Ley marco de Cambio Clim\u00e1tico (LMCC) para la transformaci\u00f3n productiva<\/h4>\n<h6><span style=\"color: #000000;\"><strong>Investigadora responsable: <\/strong>Pilar Moraga<br \/>\n<strong>Coordinaci\u00f3n:<\/strong> Macarena Salinas<br \/>\n<\/span><span style=\"color: #000000;\"><strong>A\u00f1o de ejecuci\u00f3n:<\/strong> a\u00f1o 2024<br \/>\n<strong>Instituci\u00f3n responsable:<\/strong> CR2, Universidad de Chile<br \/>\n<strong>Contraparte:<\/strong> Corfo (Corporaci\u00f3n de Fomento de la Producci\u00f3n)<\/span><\/h6>\n<p>[\/vc_column_text][vc_toggle title=&#8221;M\u00e1s informaci\u00f3n&#8221; css=&#8221;.vc_custom_1723670801053{margin-top: -20px !important;margin-bottom: 20px !important;}&#8221;]<\/p>\n<h6><span style=\"color: #000000;\">Curso dirigido a 150 ejecutivos t\u00e9cnicos a nivel regional y central de Corfo, tiene como finalidad proporcionar los conocimientos, habilidades y herramientas necesarios para comprender y abordar de manera efectiva los desaf\u00edos asociados al cambio clim\u00e1tico y la legislaci\u00f3n correspondiente. La iniciativa busca potenciar la transformaci\u00f3n productiva y aumentar la competitividad, preparando a los participantes para enfrentar un contexto de desaf\u00edos clim\u00e1ticos en constante evoluci\u00f3n.<\/span><\/h6>\n<p>[\/vc_toggle][\/vc_column][\/vc_row]<\/p>\n","protected":false},"excerpt":{"rendered":"<p>[vc_row full_width=&#8221;stretch_row&#8221; content_placement=&#8221;bottom&#8221; parallax=&#8221;content-moving&#8221; parallax_image=&#8221;20694&#8243; source=&#8221;&#8221; text=&#8221;Atlas Sudamericano de Sequ\u00edas a partir del a\u00f1o 1400 \/ South American Drought Atlas (SADA)&#8221; font_container=&#8221;tag:h1|font_size:60|text_align:center|color:%23ffffff|line_height:1&#8243; use_theme_fonts=&#8221;&#8221; google_fonts=&#8221;font_family:Abel%3Aregular|font_style:400%20regular%3A400%3Anormal&#8221; link=&#8221;&#8221;][vc_column][vc_empty_space][vc_custom_heading text=&#8221;CR2 Training Initiatives&#8221; font_container=&#8221;tag:h1|font_size:50|text_align:center|color:%23ffffff|line_height:1&#8243; google_fonts=&#8221;font_family:Abel%3Aregular|font_style:400%20regular%3A400%3Anormal&#8221;][vc_empty_space][\/vc_column][\/vc_row][vc_row][vc_column][vc_empty_space height=&#8221;40px&#8221;][\/vc_column][\/vc_row][vc_row][vc_column][vc_row_inner][vc_column_inner width=&#8221;1\/2&#8243;][vc_column_text]The CR2&#8217;s objectives include the development of advanced human capital. To this end, various courses and workshops have been designed for undergraduate and graduate [&hellip;]<\/p>\n","protected":false},"author":32,"featured_media":0,"parent":0,"menu_order":0,"comment_status":"closed","ping_status":"closed","template":"","meta":{"footnotes":""},"_links":{"self":[{"href":"https:\/\/www.cr2.cl\/eng\/wp-json\/wp\/v2\/pages\/20691"}],"collection":[{"href":"https:\/\/www.cr2.cl\/eng\/wp-json\/wp\/v2\/pages"}],"about":[{"href":"https:\/\/www.cr2.cl\/eng\/wp-json\/wp\/v2\/types\/page"}],"author":[{"embeddable":true,"href":"https:\/\/www.cr2.cl\/eng\/wp-json\/wp\/v2\/users\/32"}],"replies":[{"embeddable":true,"href":"https:\/\/www.cr2.cl\/eng\/wp-json\/wp\/v2\/comments?post=20691"}],"version-history":[{"count":6,"href":"https:\/\/www.cr2.cl\/eng\/wp-json\/wp\/v2\/pages\/20691\/revisions"}],"predecessor-version":[{"id":20705,"href":"https:\/\/www.cr2.cl\/eng\/wp-json\/wp\/v2\/pages\/20691\/revisions\/20705"}],"wp:attachment":[{"href":"https:\/\/www.cr2.cl\/eng\/wp-json\/wp\/v2\/media?parent=20691"}],"curies":[{"name":"wp","href":"https:\/\/api.w.org\/{rel}","templated":true}]}}